{"id":116089,"date":"2023-09-22T16:01:36","date_gmt":"2023-09-22T20:01:36","guid":{"rendered":"https:\/\/entrepex.com\/?page_id=116089"},"modified":"2024-02-27T09:04:48","modified_gmt":"2024-02-27T14:04:48","slug":"privacy-policy","status":"publish","type":"page","link":"https:\/\/entrepex.com\/en\/privacy-policy\/","title":{"rendered":"Privacy Policy"},"content":{"rendered":"<h2><strong>Acceptance of Terms of Use<\/strong><\/h2>\n<p>By accessing and using this website, you are deemed to have accepted these Terms of Use, which constitute an agreement between you and Entrepex with regard to your use of this website. These terms are subject to change at any time. If you do not accept each of the conditions, please refrain from accessing and using the website.<\/p>\n<h2><strong>Disclaimer of Guarantee and Exemption of Liability<\/strong><\/h2>\n<p>Entrepex offers no guarantee whatsoever with regard to access to the operation and content of this website and, as such, cannot be held liable in this regard.<\/p>\n<h2><strong>Use of the Site<\/strong><\/h2>\n<p>You may not use this website for commercial or resale purposes. We may restrict or block access to the website at our sole discretion at any time and without notice.<\/p>\n<h2><strong>Ownership and Copyright<\/strong><\/h2>\n<p>The content of this website is protected by copyright and may not be reproduced in any form without the prior written agreement of Entrepex. Your access and use of this website do not confer any entitlement with regard to its content.<\/p>\n<h2><strong>Links to other sites<\/strong><\/h2>\n<p>This website may include links and references to websites and documents published by third parties (\u201cother sites\u201d) for your convenience and information. Entrepex is in no way responsible for other websites and their activities, products, services, or content and has no control over these sites. We also reserve the right to demand the removal of hyperlinks to our website.<\/p>\n<h2><strong>Collection of Personal Information<\/strong><\/h2>\n<p>Entrepex conducts the collection of specific categories of personal information, which may include:<\/p>\n<ul>\n<li>Email address<\/li>\n<li>Physical address<\/li>\n<li>Phone number<\/li>\n<li>Name (name and surname)<\/li>\n<li>Business name<\/li>\n<li>Payment information<\/li>\n<\/ul>\n<h2><strong>Protection of Personal Information<\/strong><\/h2>\n<p>Entrepex takes all reasonable steps to protect any confidential personal information you send. If you voluntarily provide personal or confidential information in connection with the use of this website, by email, or by subscribing to our newsletter, this information will remain accessible only to staff at Entrepex or its information technology providers and only in order to comply with your request. We will not disclose any of your personal information to third parties without your consent.<\/p>\n<p>Please note that non-personal information is automatically shared between your computer and our server when you access to our site. For example, the following information can be gathered at the time of access: your Internet service provider\u2019s domain name, the type of browser and operating system you are using to access our site, the date and time of access, as well as the pages you visited. This non-personal information may be used for analysis purposes.<\/p>\n<p>For any questions or comments regarding personal information, exercising your rights, filing a complaint or obtaining information about our policies, please contact our Privacy Officer by email at\u00a0info@entrepex.com\u00a0or by mail at the following address:<\/p>\n<p><strong>Entrepex<\/strong><br \/>\nc\/o Privacy Officer<\/p>\n<ul>\n<li><strong>Boisbriand<\/strong><br \/>\n4140, Marcel-Lacasse<br \/>\nBoisbriand (Quebec) J7H 1N3<br \/>\nCanada<\/li>\n<li><strong>L\u00e9vis<\/strong><br \/>\n2601, ave de la Rotonde<br \/>\nL\u00e9vis (Quebec) G6X 2M2<br \/>\nCanada<\/li>\n<\/ul>\n<h2>Retention of personal information<\/h2>\n<p>We will retain your personal information for as long as it is necessary for the purposes for which it was collected, subject to legislative and business requirements regarding the retention of certain types of information.<\/p>\n<h2>Deletion of data<\/h2>\n<p><em>Delete emails from the newsletter<\/em><br \/>\nEmails collected for the use of our newsletter will be deleted at the request of users. If you would like to remove your email address from our mailing list, please contact us at info@entrepex.com or click on the link at the bottom of a newsletter.<\/p>\n<p><em>Deleting inactive user accounts<\/em><br \/>\nTo ensure efficient management of our resources and maintain the security of our systems, any user account that has not presented any activity for a period of 5 years will be considered inactive. In this case, the entire account, including the associated personal information, will be deleted from our database.<\/p>\n<p>Early suppression<br \/>\nIf you wish to have your personal information deleted from our systems by the date set out in our policies, please submit your request by email to info@entrepex.com.<\/p>\n<h2><strong>Applicable Law<\/strong><\/h2>\n<p>These Terms of Use, your access to and use of this website, as well as all other related matters are governed by the laws applicable in Qu\u00e9bec. All disputes arising from these must be submitted to the competent Qu\u00e9bec judicial body in the jurisdiction of Qu\u00e9bec.<\/p>\n<h2><strong>Contacts<\/strong><\/h2>\n<p>The confidentiality of electronic communications through this website cannot be guaranteed. In the event of an urgent need to contact us or send us documents, please telephone or use an encryption method.<\/p>\n<p>For all information or inquiries, please contact us by email at\u00a0info@entrepex.com\u00a0or by telephone at<\/p>\n<ul>\n<li><strong>Boisbriand<\/strong>: 514 944 6968<\/li>\n<li><strong>L\u00e9vis<\/strong>: 418 832 6868<\/li>\n<\/ul>\n","protected":false},"excerpt":{"rendered":"<p>Acceptance of Terms of Use By accessing and using this website, you are deemed to have accepted these Terms of Use, which constitute an agreement between you and Entrepex with regard to your use of this website. These terms are subject to change at any time. If you do not accept each of the conditions, [&hellip;]<\/p>\n","protected":false},"author":1,"featured_media":0,"parent":0,"menu_order":0,"comment_status":"closed","ping_status":"closed","template":"","meta":{"footnotes":""},"acf":[],"yoast_head":"<!-- This site is optimized with the Yoast SEO plugin v21.4 - https:\/\/yoast.com\/wordpress\/plugins\/seo\/ -->\n<title>Privacy Policy - Entrepex<\/title>\n<meta name=\"robots\" content=\"index, follow, max-snippet:-1, max-image-preview:large, max-video-preview:-1\" \/>\n<link rel=\"canonical\" href=\"https:\/\/entrepex.com\/en\/privacy-policy\/\" \/>\n<meta property=\"og:locale\" content=\"en_US\" \/>\n<meta property=\"og:type\" content=\"article\" \/>\n<meta property=\"og:title\" content=\"Privacy Policy - Entrepex\" \/>\n<meta property=\"og:description\" content=\"Acceptance of Terms of Use By accessing and using this website, you are deemed to have accepted these Terms of Use, which constitute an agreement between you and Entrepex with regard to your use of this website. These terms are subject to change at any time. If you do not accept each of the conditions, [&hellip;]\" \/>\n<meta property=\"og:url\" content=\"https:\/\/entrepex.com\/en\/privacy-policy\/\" \/>\n<meta property=\"og:site_name\" content=\"Entrepex\" \/>\n<meta property=\"article:modified_time\" content=\"2024-02-27T14:04:48+00:00\" \/>\n<meta name=\"twitter:card\" content=\"summary_large_image\" \/>\n<meta name=\"twitter:label1\" content=\"Est. reading time\" \/>\n\t<meta name=\"twitter:data1\" content=\"4 minutes\" \/>\n<script type=\"application\/ld+json\" class=\"yoast-schema-graph\">{\"@context\":\"https:\/\/schema.org\",\"@graph\":[{\"@type\":\"WebPage\",\"@id\":\"https:\/\/entrepex.com\/en\/privacy-policy\/\",\"url\":\"https:\/\/entrepex.com\/en\/privacy-policy\/\",\"name\":\"Privacy Policy - Entrepex\",\"isPartOf\":{\"@id\":\"https:\/\/entrepex.com\/#website\"},\"datePublished\":\"2023-09-22T20:01:36+00:00\",\"dateModified\":\"2024-02-27T14:04:48+00:00\",\"breadcrumb\":{\"@id\":\"https:\/\/entrepex.com\/en\/privacy-policy\/#breadcrumb\"},\"inLanguage\":\"en-CA\",\"potentialAction\":[{\"@type\":\"ReadAction\",\"target\":[\"https:\/\/entrepex.com\/en\/privacy-policy\/\"]}]},{\"@type\":\"BreadcrumbList\",\"@id\":\"https:\/\/entrepex.com\/en\/privacy-policy\/#breadcrumb\",\"itemListElement\":[{\"@type\":\"ListItem\",\"position\":1,\"name\":\"Entrepex\",\"item\":\"https:\/\/entrepex.com\/en\/\"},{\"@type\":\"ListItem\",\"position\":2,\"name\":\"Privacy Policy\"}]},{\"@type\":\"WebSite\",\"@id\":\"https:\/\/entrepex.com\/#website\",\"url\":\"https:\/\/entrepex.com\/\",\"name\":\"Entrepex\",\"description\":\"Appel d&#039;offres \u2022 Entreposage \u2022 \u00c9valuation \u2022 Transport\",\"potentialAction\":[{\"@type\":\"SearchAction\",\"target\":{\"@type\":\"EntryPoint\",\"urlTemplate\":\"https:\/\/entrepex.com\/?s={search_term_string}\"},\"query-input\":\"required name=search_term_string\"}],\"inLanguage\":\"en-CA\"}]}<\/script>\n<!-- \/ Yoast SEO plugin. -->","yoast_head_json":{"title":"Privacy Policy - Entrepex","robots":{"index":"index","follow":"follow","max-snippet":"max-snippet:-1","max-image-preview":"max-image-preview:large","max-video-preview":"max-video-preview:-1"},"canonical":"https:\/\/entrepex.com\/en\/privacy-policy\/","og_locale":"en_US","og_type":"article","og_title":"Privacy Policy - Entrepex","og_description":"Acceptance of Terms of Use By accessing and using this website, you are deemed to have accepted these Terms of Use, which constitute an agreement between you and Entrepex with regard to your use of this website. These terms are subject to change at any time. If you do not accept each of the conditions, [&hellip;]","og_url":"https:\/\/entrepex.com\/en\/privacy-policy\/","og_site_name":"Entrepex","article_modified_time":"2024-02-27T14:04:48+00:00","twitter_card":"summary_large_image","twitter_misc":{"Est. reading time":"4 minutes"},"schema":{"@context":"https:\/\/schema.org","@graph":[{"@type":"WebPage","@id":"https:\/\/entrepex.com\/en\/privacy-policy\/","url":"https:\/\/entrepex.com\/en\/privacy-policy\/","name":"Privacy Policy - Entrepex","isPartOf":{"@id":"https:\/\/entrepex.com\/#website"},"datePublished":"2023-09-22T20:01:36+00:00","dateModified":"2024-02-27T14:04:48+00:00","breadcrumb":{"@id":"https:\/\/entrepex.com\/en\/privacy-policy\/#breadcrumb"},"inLanguage":"en-CA","potentialAction":[{"@type":"ReadAction","target":["https:\/\/entrepex.com\/en\/privacy-policy\/"]}]},{"@type":"BreadcrumbList","@id":"https:\/\/entrepex.com\/en\/privacy-policy\/#breadcrumb","itemListElement":[{"@type":"ListItem","position":1,"name":"Entrepex","item":"https:\/\/entrepex.com\/en\/"},{"@type":"ListItem","position":2,"name":"Privacy Policy"}]},{"@type":"WebSite","@id":"https:\/\/entrepex.com\/#website","url":"https:\/\/entrepex.com\/","name":"Entrepex","description":"Appel d&#039;offres \u2022 Entreposage \u2022 \u00c9valuation \u2022 Transport","potentialAction":[{"@type":"SearchAction","target":{"@type":"EntryPoint","urlTemplate":"https:\/\/entrepex.com\/?s={search_term_string}"},"query-input":"required name=search_term_string"}],"inLanguage":"en-CA"}]}},"_links":{"self":[{"href":"https:\/\/entrepex.com\/en\/wp-json\/wp\/v2\/pages\/116089"}],"collection":[{"href":"https:\/\/entrepex.com\/en\/wp-json\/wp\/v2\/pages"}],"about":[{"href":"https:\/\/entrepex.com\/en\/wp-json\/wp\/v2\/types\/page"}],"author":[{"embeddable":true,"href":"https:\/\/entrepex.com\/en\/wp-json\/wp\/v2\/users\/1"}],"replies":[{"embeddable":true,"href":"https:\/\/entrepex.com\/en\/wp-json\/wp\/v2\/comments?post=116089"}],"version-history":[{"count":0,"href":"https:\/\/entrepex.com\/en\/wp-json\/wp\/v2\/pages\/116089\/revisions"}],"wp:attachment":[{"href":"https:\/\/entrepex.com\/en\/wp-json\/wp\/v2\/media?parent=116089"}],"curies":[{"name":"wp","href":"https:\/\/api.w.org\/{rel}","templated":true}]}}